{"id":41,"date":"2025-09-01T10:13:54","date_gmt":"2025-09-01T10:13:54","guid":{"rendered":"https:\/\/gomezmotor2.deditec.dev\/?page_id=41"},"modified":"2025-09-01T10:16:38","modified_gmt":"2025-09-01T10:16:38","slug":"servicios","status":"publish","type":"page","link":"https:\/\/gomezmotor2.deditec.dev\/index.php\/servicios\/","title":{"rendered":"Servicios"},"content":{"rendered":"\t\t<div data-elementor-type=\"wp-page\" data-elementor-id=\"41\" class=\"elementor elementor-41\" data-elementor-post-type=\"page\">\n\t\t\t\t<div class=\"elementor-element elementor-element-28e0756 e-flex e-con-boxed e-con e-parent\" data-id=\"28e0756\" data-element_type=\"container\">\n\t\t\t\t\t<div class=\"e-con-inner\">\n\t\t<div class=\"elementor-element elementor-element-bf4f125 e-con-full e-flex e-con e-child\" data-id=\"bf4f125\" data-element_type=\"container\" data-settings=\"{&quot;background_background&quot;:&quot;classic&quot;}\">\n\t\t<div class=\"elementor-element elementor-element-7ea675d e-con-full e-flex e-con e-child\" data-id=\"7ea675d\" data-element_type=\"container\" data-settings=\"{&quot;background_background&quot;:&quot;classic&quot;}\">\n\t\t\t\t<div class=\"elementor-element elementor-element-984c1cb elementor-widget elementor-widget-heading\" data-id=\"984c1cb\" data-element_type=\"widget\" data-widget_type=\"heading.default\">\n\t\t\t\t\t<h2 class=\"elementor-heading-title elementor-size-default\">Servicios<\/h2>\t\t\t\t<\/div>\n\t\t\t\t<\/div>\n\t\t\t\t<\/div>\n\t\t\t\t\t<\/div>\n\t\t\t\t<\/div>\n\t\t<div class=\"elementor-element elementor-element-0ba29d8 e-flex e-con-boxed e-con e-parent\" data-id=\"0ba29d8\" data-element_type=\"container\">\n\t\t\t\t\t<div class=\"e-con-inner\">\n\t\t\t\t<div class=\"elementor-element elementor-element-697c869 elementor-widget elementor-widget-spacer\" data-id=\"697c869\" data-element_type=\"widget\" data-widget_type=\"spacer.default\">\n\t\t\t\t\t\t\t<div class=\"elementor-spacer\">\n\t\t\t<div class=\"elementor-spacer-inner\"><\/div>\n\t\t<\/div>\n\t\t\t\t\t\t<\/div>\n\t\t\t\t<div class=\"elementor-element elementor-element-a6ae105 elementor-widget elementor-widget-text-editor\" data-id=\"a6ae105\" data-element_type=\"widget\" data-widget_type=\"text-editor.default\">\n\t\t\t\t\t\t\t\t\t<h4><span style=\"color: #2d96cc;\">Ford Service<\/span><\/h4><p>Ford Posventa te ofrece los mejores precios y cuidados para tu coche, porque nadie cuida de tu Ford como nosotros.<\/p><p>Para pedir Cita Previa, solic\u00edtala a trav\u00e9s de esta web o en el tel\u00e9fono de atenci\u00f3n al p\u00fablico.<\/p><p>\u00a0<\/p><h4><span style=\"color: #2d96cc;\">Mantenimiento de tu veh\u00edculo Ford<\/span><\/h4><p>Cuando adquieres un Ford, consideramos que es el principio de una relaci\u00f3n a largo plazo. Nos comprometemos a brindarte toda la ayuda necesaria para que puedas sacar el m\u00e1ximo partido a tu veh\u00edculo. Ford cuida de todos sus clientes, poniendo a su disposici\u00f3n recambios de gran calidad a un precio ajustado y personal de servicio cualificado que conoce perfectamente su modelo de veh\u00edculo y lo que \u00e9ste necesita.<\/p><h4>\u00a0<\/h4><h4><span style=\"color: #2d96cc;\">Reparaciones mec\u00e1nicas<\/span><\/h4><p>Cuando necesites revisar o reparar tu veh\u00edculo, ponlo en manos de los expertos de tu Taller Autorizado Ford. Nuestros mec\u00e1nicos han recibido formaci\u00f3n en f\u00e1brica para poder llevar a cabo cualquier revisi\u00f3n o reparaci\u00f3n que precise tu veh\u00edculo, utilizando recambios originales Ford y recambios alternativos Ford, a precios competitivos.<\/p><p>Si tu veh\u00edculo ya tiene unos a\u00f1os, Ford Service te propone atractivas ofertas en las que combina inspecciones exhaustivas con operaciones de mantenimiento preventivo a precios asequibles.<\/p><h4>\u00a0<\/h4><h4><span style=\"color: #2d96cc;\">Recambios originales Ford<\/span><\/h4><p>Ford est\u00e1 avalada por m\u00e1s de 100 a\u00f1os de experiencia en la fabricaci\u00f3n de autom\u00f3viles, por eso sabemos lo importante que es que su Ford siga siendo 100% Ford. As\u00ed, utilizamos nuestros recambios respetando las mismas exigencias con las que fabricamos nuestros veh\u00edculos.<\/p><h4>\u00a0<\/h4><h4><span style=\"color: #2d96cc;\">Ford Protect aumenta su cobertura<\/span><\/h4><p>En Ford sabemos que proteger su coche y su familia es lo m\u00e1s importante. Por eso ahora ponemos a su disposici\u00f3n Ford Protect, un elemento m\u00e1s de su veh\u00edculo que le dar\u00e1 la mejor protecci\u00f3n y que a partir de ahora se convertir\u00e1 en la forma m\u00e1s sencilla de cuidar su coche y viajar seguro durante m\u00e1s tiempo.<\/p><h4>\u00a0<\/h4><h4><span style=\"color: #2d96cc;\">Llantas y neum\u00e1ticos<\/span><\/h4><p>Ford colabora con los principales fabricantes de neum\u00e1ticos para ofrecerte la mejor calidad y las m\u00e1s estrictas exigencias de seguridad. As\u00ed, ponemos a tu disposici\u00f3n neum\u00e1ticos de gama alta y elevadas prestaciones, as\u00ed como otras marcas de calidad, para hallar la soluci\u00f3n m\u00e1s adecuada para tu veh\u00edculo.<\/p><h4>\u00a0<\/h4><h4><span style=\"color: #2d96cc;\">Tu seguridad y la de tus acompa\u00f1antes<\/span><\/h4><p>Mientras conduces, los neum\u00e1ticos son el \u00fanico punto de contacto con la carretera. Cada uno de ellos tiene una superficie de contacto con la calzada del tama\u00f1o de una mano, aproximadamente. Por consiguiente, es fundamental utilizar los neum\u00e1ticos adecuados para garantizar la m\u00e1xima seguridad. Hemos enumerado cinco buenas razones para concertar una inspecci\u00f3n de neum\u00e1ticos profesional en tu Taller Autorizado<\/p><p>Los veh\u00edculos Ford incluyen una gama de caracter\u00edsticas de seguridad dise\u00f1adas para velar por tu bienestar en cada viaje. Para tu confort y protecci\u00f3n, sigue las indicaciones de estas p\u00e1ginas para sacar el m\u00e1ximo provecho de esas caracter\u00edsticas<\/p><p>Si no puedes encontrar aqu\u00ed la informaci\u00f3n concreta sobre seguridad que buscas, acude a un Concesionario Ford para obtener m\u00e1s informaci\u00f3n<\/p>\t\t\t\t\t\t\t\t<\/div>\n\t\t\t\t<div class=\"elementor-element elementor-element-3150dba elementor-widget elementor-widget-spacer\" data-id=\"3150dba\" data-element_type=\"widget\" data-widget_type=\"spacer.default\">\n\t\t\t\t\t\t\t<div class=\"elementor-spacer\">\n\t\t\t<div class=\"elementor-spacer-inner\"><\/div>\n\t\t<\/div>\n\t\t\t\t\t\t<\/div>\n\t\t\t\t\t<\/div>\n\t\t\t\t<\/div>\n\t\t\t\t<\/div>\n\t\t","protected":false},"excerpt":{"rendered":"<p>Servicios Ford Service Ford Posventa te ofrece los mejores precios y cuidados para tu coche, porque nadie cuida de tu Ford como nosotros. Para pedir Cita Previa, solic\u00edtala a trav\u00e9s de esta web o en el tel\u00e9fono de atenci\u00f3n al p\u00fablico. \u00a0 Mantenimiento de tu veh\u00edculo Ford Cuando adquieres un Ford, consideramos que es el [&hellip;]<\/p>\n","protected":false},"author":1,"featured_media":0,"parent":0,"menu_order":0,"comment_status":"closed","ping_status":"closed","template":"","meta":{"footnotes":""},"class_list":["post-41","page","type-page","status-publish","hentry"],"_links":{"self":[{"href":"https:\/\/gomezmotor2.deditec.dev\/index.php\/wp-json\/wp\/v2\/pages\/41","targetHints":{"allow":["GET"]}}],"collection":[{"href":"https:\/\/gomezmotor2.deditec.dev\/index.php\/wp-json\/wp\/v2\/pages"}],"about":[{"href":"https:\/\/gomezmotor2.deditec.dev\/index.php\/wp-json\/wp\/v2\/types\/page"}],"author":[{"embeddable":true,"href":"https:\/\/gomezmotor2.deditec.dev\/index.php\/wp-json\/wp\/v2\/users\/1"}],"replies":[{"embeddable":true,"href":"https:\/\/gomezmotor2.deditec.dev\/index.php\/wp-json\/wp\/v2\/comments?post=41"}],"version-history":[{"count":4,"href":"https:\/\/gomezmotor2.deditec.dev\/index.php\/wp-json\/wp\/v2\/pages\/41\/revisions"}],"predecessor-version":[{"id":46,"href":"https:\/\/gomezmotor2.deditec.dev\/index.php\/wp-json\/wp\/v2\/pages\/41\/revisions\/46"}],"wp:attachment":[{"href":"https:\/\/gomezmotor2.deditec.dev\/index.php\/wp-json\/wp\/v2\/media?parent=41"}],"curies":[{"name":"wp","href":"https:\/\/api.w.org\/{rel}","templated":true}]}}