{"id":32,"date":"2025-09-01T09:57:15","date_gmt":"2025-09-01T09:57:15","guid":{"rendered":"https:\/\/gomezmotor2.deditec.dev\/?page_id=32"},"modified":"2025-09-01T10:17:26","modified_gmt":"2025-09-01T10:17:26","slug":"quienes-somos","status":"publish","type":"page","link":"https:\/\/gomezmotor2.deditec.dev\/index.php\/quienes-somos\/","title":{"rendered":"Qui\u00e9nes somos"},"content":{"rendered":"\t\t<div data-elementor-type=\"wp-page\" data-elementor-id=\"32\" class=\"elementor elementor-32\" data-elementor-post-type=\"page\">\n\t\t\t\t<div class=\"elementor-element elementor-element-de2edcb e-flex e-con-boxed e-con e-parent\" data-id=\"de2edcb\" data-element_type=\"container\">\n\t\t\t\t\t<div class=\"e-con-inner\">\n\t\t<div class=\"elementor-element elementor-element-307ce7d e-con-full e-flex e-con e-child\" data-id=\"307ce7d\" data-element_type=\"container\" data-settings=\"{&quot;background_background&quot;:&quot;classic&quot;}\">\n\t\t<div class=\"elementor-element elementor-element-6e2d7f0 e-con-full e-flex e-con e-child\" data-id=\"6e2d7f0\" data-element_type=\"container\" data-settings=\"{&quot;background_background&quot;:&quot;classic&quot;}\">\n\t\t\t\t<div class=\"elementor-element elementor-element-d322711 elementor-widget elementor-widget-heading\" data-id=\"d322711\" data-element_type=\"widget\" data-widget_type=\"heading.default\">\n\t\t\t\t\t<h2 class=\"elementor-heading-title elementor-size-default\">Qui\u00e9nes somos<\/h2>\t\t\t\t<\/div>\n\t\t\t\t<\/div>\n\t\t\t\t<\/div>\n\t\t\t\t\t<\/div>\n\t\t\t\t<\/div>\n\t\t<div class=\"elementor-element elementor-element-7a6651e e-flex e-con-boxed e-con e-parent\" data-id=\"7a6651e\" data-element_type=\"container\">\n\t\t\t\t\t<div class=\"e-con-inner\">\n\t\t\t\t<div class=\"elementor-element elementor-element-5ecf363 elementor-widget elementor-widget-spacer\" data-id=\"5ecf363\" data-element_type=\"widget\" data-widget_type=\"spacer.default\">\n\t\t\t\t\t\t\t<div class=\"elementor-spacer\">\n\t\t\t<div class=\"elementor-spacer-inner\"><\/div>\n\t\t<\/div>\n\t\t\t\t\t\t<\/div>\n\t\t\t\t<div class=\"elementor-element elementor-element-a031f65 elementor-widget elementor-widget-text-editor\" data-id=\"a031f65\" data-element_type=\"widget\" data-widget_type=\"text-editor.default\">\n\t\t\t\t\t\t\t\t\t<p>G\u00f3mez Motor se cre\u00f3 en el a\u00f1o 1998 en Hu\u00e9rcal-Overa (Almer\u00eda) y es Servicio Oficial Ford desde 2005. Hemos dedicado todos nuestros esfuerzos a la mejora continua, s\u00ed bien somos conscientes de lo importante que es un cliente satisfecho. Su fidelidad es nuestro objetivo y la satisfacci\u00f3n es el motor que mueve el d\u00eda a d\u00eda de esta empresa.<\/p><p>Venga a conocernos a nuestras instalaciones de Hu\u00e9rcal-Overa (Almer\u00eda), nuestro personal es un equipo profesional y preparado para atenderle a usted y a su veh\u00edculo con la mejor atenci\u00f3n y servicio personalizado.<\/p><p>Queremos estar a la cabeza de las \u00faltimas tecnolog\u00edas y avances, y por eso que G\u00f3mez Motor ofrece este sitio web, para que pueda solicitar y recibir la informaci\u00f3n que necesita, tanto de modelos como de precios, sin tener que salir de su casa ni moverse del sof\u00e1.<\/p><p>Esperamos que disfrute en su visita web.<\/p>\t\t\t\t\t\t\t\t<\/div>\n\t\t\t\t<div class=\"elementor-element elementor-element-4a01fdf elementor-widget elementor-widget-spacer\" data-id=\"4a01fdf\" data-element_type=\"widget\" data-widget_type=\"spacer.default\">\n\t\t\t\t\t\t\t<div class=\"elementor-spacer\">\n\t\t\t<div class=\"elementor-spacer-inner\"><\/div>\n\t\t<\/div>\n\t\t\t\t\t\t<\/div>\n\t\t\t\t\t<\/div>\n\t\t\t\t<\/div>\n\t\t\t\t<\/div>\n\t\t","protected":false},"excerpt":{"rendered":"<p>Qui\u00e9nes somos G\u00f3mez Motor se cre\u00f3 en el a\u00f1o 1998 en Hu\u00e9rcal-Overa (Almer\u00eda) y es Servicio Oficial Ford desde 2005. Hemos dedicado todos nuestros esfuerzos a la mejora continua, s\u00ed bien somos conscientes de lo importante que es un cliente satisfecho. Su fidelidad es nuestro objetivo y la satisfacci\u00f3n es el motor que mueve el [&hellip;]<\/p>\n","protected":false},"author":1,"featured_media":0,"parent":0,"menu_order":0,"comment_status":"closed","ping_status":"closed","template":"","meta":{"footnotes":""},"class_list":["post-32","page","type-page","status-publish","hentry"],"_links":{"self":[{"href":"https:\/\/gomezmotor2.deditec.dev\/index.php\/wp-json\/wp\/v2\/pages\/32","targetHints":{"allow":["GET"]}}],"collection":[{"href":"https:\/\/gomezmotor2.deditec.dev\/index.php\/wp-json\/wp\/v2\/pages"}],"about":[{"href":"https:\/\/gomezmotor2.deditec.dev\/index.php\/wp-json\/wp\/v2\/types\/page"}],"author":[{"embeddable":true,"href":"https:\/\/gomezmotor2.deditec.dev\/index.php\/wp-json\/wp\/v2\/users\/1"}],"replies":[{"embeddable":true,"href":"https:\/\/gomezmotor2.deditec.dev\/index.php\/wp-json\/wp\/v2\/comments?post=32"}],"version-history":[{"count":8,"href":"https:\/\/gomezmotor2.deditec.dev\/index.php\/wp-json\/wp\/v2\/pages\/32\/revisions"}],"predecessor-version":[{"id":47,"href":"https:\/\/gomezmotor2.deditec.dev\/index.php\/wp-json\/wp\/v2\/pages\/32\/revisions\/47"}],"wp:attachment":[{"href":"https:\/\/gomezmotor2.deditec.dev\/index.php\/wp-json\/wp\/v2\/media?parent=32"}],"curies":[{"name":"wp","href":"https:\/\/api.w.org\/{rel}","templated":true}]}}